{"id":47,"date":"2013-12-26T19:27:27","date_gmt":"2013-12-26T18:27:27","guid":{"rendered":"http:\/\/lindner-software.de\/?page_id=47"},"modified":"2013-12-27T11:25:00","modified_gmt":"2013-12-27T10:25:00","slug":"f2d-combat","status":"publish","type":"page","link":"http:\/\/control-line-team.de\/?page_id=47","title":{"rendered":"F2D Combat"},"content":{"rendered":"<table width=\"100%\">\n<tbody>\n<tr>\n<td valign=\"top\"><\/td>\n<td><\/td>\n<\/tr>\n<tr>\n<td><img decoding=\"async\" alt=\"F2D animated gif\" src=\"http:\/\/control-line-team.de\/wp-content\/uploads\/2013\/12\/combat-a1.gif\" \/><\/td>\n<td><img decoding=\"async\" alt=\"F2D animated gif\" src=\"http:\/\/control-line-team.de\/wp-content\/uploads\/2013\/12\/ctm03.gif\" \/><\/td>\n<\/tr>\n<\/tbody>\n<\/table>\n<p>Bei dieser Disziplin treten 2 Piloten im selben Fesselflugkreis gegeneinender an. Jedes der beiden Modellflugzeuge hat einen Papierschwanz (&#8220;Streamer&#8221;) am Heck befestigt. Ziel ist innerhalb von wenigen Minuten Flugzeit mit dem Propeller m\u00f6glichst viele St\u00fccke vom Streamer des Gegners abzuschneiden. Dabei kommen sich die Flugzeuge sehr nahe und die Gefahr eines Zusammensto\u00dfes und Absturzes ist hoch. Deshalb sind die Flugzeuge sehr einfach und robust gebaut.<\/p>\n","protected":false},"excerpt":{"rendered":"<p>Bei dieser Disziplin treten 2 Piloten im selben Fesselflugkreis gegeneinender an. Jedes der beiden Modellflugzeuge hat einen Papierschwanz (&#8220;Streamer&#8221;) am Heck befestigt. Ziel ist innerhalb von wenigen Minuten Flugzeit mit dem Propeller m\u00f6glichst viele St\u00fccke vom Streamer des Gegners abzuschneiden. &hellip; <a href=\"http:\/\/control-line-team.de\/?page_id=47\">Continue reading <span class=\"meta-nav\">&rarr;<\/span><\/a><\/p>\n","protected":false},"author":1,"featured_media":0,"parent":22,"menu_order":0,"comment_status":"closed","ping_status":"closed","template":"","meta":{"footnotes":""},"_links":{"self":[{"href":"http:\/\/control-line-team.de\/index.php?rest_route=\/wp\/v2\/pages\/47"}],"collection":[{"href":"http:\/\/control-line-team.de\/index.php?rest_route=\/wp\/v2\/pages"}],"about":[{"href":"http:\/\/control-line-team.de\/index.php?rest_route=\/wp\/v2\/types\/page"}],"author":[{"embeddable":true,"href":"http:\/\/control-line-team.de\/index.php?rest_route=\/wp\/v2\/users\/1"}],"replies":[{"embeddable":true,"href":"http:\/\/control-line-team.de\/index.php?rest_route=%2Fwp%2Fv2%2Fcomments&post=47"}],"version-history":[{"count":2,"href":"http:\/\/control-line-team.de\/index.php?rest_route=\/wp\/v2\/pages\/47\/revisions"}],"predecessor-version":[{"id":195,"href":"http:\/\/control-line-team.de\/index.php?rest_route=\/wp\/v2\/pages\/47\/revisions\/195"}],"up":[{"embeddable":true,"href":"http:\/\/control-line-team.de\/index.php?rest_route=\/wp\/v2\/pages\/22"}],"wp:attachment":[{"href":"http:\/\/control-line-team.de\/index.php?rest_route=%2Fwp%2Fv2%2Fmedia&parent=47"}],"curies":[{"name":"wp","href":"https:\/\/api.w.org\/{rel}","templated":true}]}}